{"id":555,"date":"2026-01-16T12:19:23","date_gmt":"2026-01-16T12:19:23","guid":{"rendered":"https:\/\/tcarail.be\/a-propos-de-tca-rail\/"},"modified":"2026-04-08T07:30:55","modified_gmt":"2026-04-08T07:30:55","slug":"a-propos-de-tca-rail","status":"publish","type":"page","link":"https:\/\/tcarail.be\/fr\/a-propos-de-tca-rail\/","title":{"rendered":"\u00c0 propos de TCA Rail"},"content":{"rendered":"\t\t<div data-elementor-type=\"wp-page\" data-elementor-id=\"555\" class=\"elementor elementor-555 elementor-166\" data-elementor-post-type=\"page\">\n\t\t\t\t<div data-particle_enable=\"false\" data-particle-mobile-disabled=\"false\" class=\"elementor-element elementor-element-c11c558 e-flex e-con-boxed e-con e-parent\" data-id=\"c11c558\" data-element_type=\"container\" data-e-type=\"container\" data-settings=\"{&quot;background_background&quot;:&quot;classic&quot;}\">\n\t\t\t\t\t<div class=\"e-con-inner\">\n\t\t<div data-particle_enable=\"false\" data-particle-mobile-disabled=\"false\" class=\"elementor-element elementor-element-b7c34e7 e-con-full e-flex e-con e-child\" data-id=\"b7c34e7\" data-element_type=\"container\" data-e-type=\"container\">\n\t\t\t\t<\/div>\n\t\t<div data-particle_enable=\"false\" data-particle-mobile-disabled=\"false\" class=\"elementor-element elementor-element-aabb116 e-con-full e-flex e-con e-child\" data-id=\"aabb116\" data-element_type=\"container\" data-e-type=\"container\">\n\t\t\t\t<div class=\"elementor-element elementor-element-8f2f291 elementor-widget elementor-widget-breadcrumbs\" data-id=\"8f2f291\" data-element_type=\"widget\" data-e-type=\"widget\" data-widget_type=\"breadcrumbs.default\">\n\t\t\t\t\t<p id=\"breadcrumbs\"><span><span><a href=\"https:\/\/tcarail.be\/fr\/accueil\/\">Accueil<\/a><\/span><\/span><\/p>\t\t\t\t<\/div>\n\t\t\t\t<\/div>\n\t\t\t\t\t<\/div>\n\t\t\t\t<\/div>\n\t\t<div data-particle_enable=\"false\" data-particle-mobile-disabled=\"false\" class=\"elementor-element elementor-element-e347a4c e-flex e-con-boxed e-con e-parent\" data-id=\"e347a4c\" data-element_type=\"container\" data-e-type=\"container\" data-settings=\"{&quot;background_background&quot;:&quot;classic&quot;}\">\n\t\t\t\t\t<div class=\"e-con-inner\">\n\t\t<div data-particle_enable=\"false\" data-particle-mobile-disabled=\"false\" class=\"elementor-element elementor-element-b34f281 e-con-full e-flex e-con e-child\" data-id=\"b34f281\" data-element_type=\"container\" data-e-type=\"container\" data-settings=\"{&quot;background_background&quot;:&quot;classic&quot;}\">\n\t\t\t\t<div class=\"elementor-element elementor-element-e5154ef elementor-widget elementor-widget-video\" data-id=\"e5154ef\" data-element_type=\"widget\" data-e-type=\"widget\" data-settings=\"{&quot;video_type&quot;:&quot;hosted&quot;,&quot;autoplay&quot;:&quot;yes&quot;,&quot;mute&quot;:&quot;yes&quot;,&quot;loop&quot;:&quot;yes&quot;,&quot;start&quot;:3}\" data-widget_type=\"video.default\">\n\t\t\t\t\t\t\t<div class=\"e-hosted-video elementor-wrapper elementor-open-inline\">\n\t\t\t\t\t<video class=\"elementor-video\" src=\"https:\/\/tcarail.be\/wp-content\/uploads\/2026\/03\/TCA_Rail_video.mp4#t=3\" autoplay=\"\" loop=\"\" muted=\"muted\" controlsList=\"nodownload\"><\/video>\n\t\t\t\t<\/div>\n\t\t\t\t\t\t<\/div>\n\t\t\t\t<\/div>\n\t\t<div data-particle_enable=\"false\" data-particle-mobile-disabled=\"false\" class=\"elementor-element elementor-element-ace096f e-con-full e-flex e-con e-child\" data-id=\"ace096f\" data-element_type=\"container\" data-e-type=\"container\" data-settings=\"{&quot;background_background&quot;:&quot;classic&quot;}\">\n\t\t\t\t<div class=\"elementor-element elementor-element-642054e elementor-widget elementor-widget-heading\" data-id=\"642054e\" data-element_type=\"widget\" data-e-type=\"widget\" data-widget_type=\"heading.default\">\n\t\t\t\t\t<h2 class=\"elementor-heading-title elementor-size-default\">Une entreprise belge avec une ambition europ\u00e9enne<\/h2>\t\t\t\t<\/div>\n\t\t\t\t<div class=\"elementor-element elementor-element-ecdb8fd elementor-widget elementor-widget-text-editor\" data-id=\"ecdb8fd\" data-element_type=\"widget\" data-e-type=\"widget\" data-widget_type=\"text-editor.default\">\n\t\t\t\t\t\t\t\t\t<p data-start=\"353\" data-end=\"690\">TCA Rail est active en tant qu\u2019entreprise de transport ferroviaire depuis 2023 et est <b>la seule entreprise ferroviaire wallonne de transport de marchandises<\/b>. L\u2019entreprise assure les activit\u00e9s de traction au sein du r\u00e9seau intermodal du Terminal Container Athus (TCA). Depuis Athus et Anvers, TCA Rail soutient le transport de marchandises par rail entre les ports maritimes d\u2019Anvers et de Zeebruges et les r\u00e9gions industrielles d\u2019Europe centrale et du Sud.  <\/p>\t\t\t\t\t\t\t\t<\/div>\n\t\t\t\t<\/div>\n\t\t\t\t\t<\/div>\n\t\t\t\t<\/div>\n\t\t<div data-particle_enable=\"false\" data-particle-mobile-disabled=\"false\" class=\"elementor-element elementor-element-3f3a895 e-flex e-con-boxed e-con e-parent\" data-id=\"3f3a895\" data-element_type=\"container\" data-e-type=\"container\">\n\t\t\t\t\t<div class=\"e-con-inner\">\n\t\t<div data-particle_enable=\"false\" data-particle-mobile-disabled=\"false\" class=\"elementor-element elementor-element-4f38e8e e-con-full e-flex e-con e-child\" data-id=\"4f38e8e\" data-element_type=\"container\" data-e-type=\"container\">\n\t\t\t\t<div class=\"elementor-element elementor-element-965047a elementor-widget elementor-widget-heading\" data-id=\"965047a\" data-element_type=\"widget\" data-e-type=\"widget\" data-widget_type=\"heading.default\">\n\t\t\t\t\t<h2 class=\"elementor-heading-title elementor-size-default\">Transport de marchandises par rail : infrastructure et impact<\/h2>\t\t\t\t<\/div>\n\t\t\t\t<div class=\"elementor-element elementor-element-8cfbf7f elementor-widget elementor-widget-text-editor\" data-id=\"8cfbf7f\" data-element_type=\"widget\" data-e-type=\"widget\" data-widget_type=\"text-editor.default\">\n\t\t\t\t\t\t\t\t\t<p><span lang=\"nl-BE\" data-olk-copy-source=\"MessageBody\">Le Terminal Container Athus dispose d&rsquo;un terrain de 18 hectares et de 17 000 m\u00b2 d&rsquo;espace d&rsquo;entreposage, et constitue un n\u0153ud strat\u00e9gique pour le transport intermodal de marchandises par rail. Chaque ann\u00e9e, plus de 100 000 EVP sont trait\u00e9s et environ 1 200 trains circulent en moyenne de et vers le terminal. Dans cet environnement logistique, TCA Rail joue un r\u00f4le central en tant qu&rsquo;op\u00e9rateur ferroviaire, responsable de l&rsquo;ex\u00e9cution et de l&rsquo;optimisation des activit\u00e9s ferroviaires reliant le terminal \u00e0 l&rsquo;arri\u00e8re-pays europ\u00e9en.  <\/span><\/p><p><span lang=\"nl-BE\">TCA Rail s&rsquo;appuie sur l&rsquo;infrastructure et le mat\u00e9riel du Terminal Container Athus, notamment un parc propre de 102 wagons porte-conteneurs (80\u2019), propri\u00e9t\u00e9 de TCA. En tant qu&rsquo;op\u00e9rateur ferroviaire sp\u00e9cialis\u00e9, TCA Rail d\u00e9ploie ces wagons avec sa propre traction afin d&rsquo;offrir des services ferroviaires fiables, flexibles et efficaces au sein du r\u00e9seau intermodal. L&rsquo;exploitation est r\u00e9alis\u00e9e avec un accent particulier sur l&rsquo;efficacit\u00e9 \u00e9nerg\u00e9tique et une part croissante de traction \u00e9lectrique.  <\/span><\/p>\t\t\t\t\t\t\t\t<\/div>\n\t\t\t\t<\/div>\n\t\t<div data-particle_enable=\"false\" data-particle-mobile-disabled=\"false\" class=\"elementor-element elementor-element-303ff2f e-con-full e-flex e-con e-child\" data-id=\"303ff2f\" data-element_type=\"container\" data-e-type=\"container\">\n\t\t\t\t<div class=\"elementor-element elementor-element-c33719a elementor-widget elementor-widget-image\" data-id=\"c33719a\" data-element_type=\"widget\" data-e-type=\"widget\" data-widget_type=\"image.default\">\n\t\t\t\t\t\t\t\t\t\t\t\t\t\t\t<img fetchpriority=\"high\" decoding=\"async\" width=\"800\" height=\"400\" src=\"https:\/\/tcarail.be\/wp-content\/uploads\/2026\/01\/TCA-Rail-spoor-1024x512.png\" class=\"attachment-large size-large wp-image-556\" alt=\"\" srcset=\"https:\/\/tcarail.be\/wp-content\/uploads\/2026\/01\/TCA-Rail-spoor-1024x512.png 1024w, https:\/\/tcarail.be\/wp-content\/uploads\/2026\/01\/TCA-Rail-spoor-300x150.png 300w, https:\/\/tcarail.be\/wp-content\/uploads\/2026\/01\/TCA-Rail-spoor-768x384.png 768w, https:\/\/tcarail.be\/wp-content\/uploads\/2026\/01\/TCA-Rail-spoor.png 1536w\" sizes=\"(max-width: 800px) 100vw, 800px\" \/>\t\t\t\t\t\t\t\t\t\t\t\t\t\t\t<\/div>\n\t\t\t\t<div class=\"elementor-element elementor-element-0b39373 elementor-widget elementor-widget-text-editor\" data-id=\"0b39373\" data-element_type=\"widget\" data-e-type=\"widget\" data-widget_type=\"text-editor.default\">\n\t\t\t\t\t\t\t\t\t<p><span lang=\"nl-BE\">Gr\u00e2ce aux solutions ferroviaires de TCA Rail, le transport par rail constitue une alternative \u00e0 part enti\u00e8re et durable au transport routier. Un train de marchandises \u00e9quivaut \u00e0 48 \u00e0 62 camions, sur la base de 96 EVP par train selon la norme UIRR. Cela se traduit par une r\u00e9duction de CO\u2082 allant jusqu\u2019\u00e0 88 %, une diminution de 94 % de la pollution atmosph\u00e9rique et une r\u00e9duction significative de la congestion routi\u00e8re. Avec TCA Rail, la puissance logistique du Terminal Container Athus est exploit\u00e9e au maximum au profit d&rsquo;une mobilit\u00e9 durable en Europe.   <\/span><\/p>\t\t\t\t\t\t\t\t<\/div>\n\t\t\t\t<\/div>\n\t\t\t\t\t<\/div>\n\t\t\t\t<\/div>\n\t\t<div data-particle_enable=\"false\" data-particle-mobile-disabled=\"false\" class=\"elementor-element elementor-element-167b523 e-flex e-con-boxed e-con e-parent\" data-id=\"167b523\" data-element_type=\"container\" data-e-type=\"container\" data-settings=\"{&quot;background_background&quot;:&quot;classic&quot;}\">\n\t\t\t\t\t<div class=\"e-con-inner\">\n\t\t<div data-particle_enable=\"false\" data-particle-mobile-disabled=\"false\" class=\"elementor-element elementor-element-a353110 e-con-full e-flex e-con e-child\" data-id=\"a353110\" data-element_type=\"container\" data-e-type=\"container\">\n\t\t<div data-particle_enable=\"false\" data-particle-mobile-disabled=\"false\" class=\"elementor-element elementor-element-4f035bf e-con-full elementor-hidden-mobile elementor-hidden-tablet e-flex e-con e-child\" data-id=\"4f035bf\" data-element_type=\"container\" data-e-type=\"container\">\n\t\t\t\t<\/div>\n\t\t<div data-particle_enable=\"false\" data-particle-mobile-disabled=\"false\" class=\"elementor-element elementor-element-40ef2f5 e-con-full e-flex e-con e-child\" data-id=\"40ef2f5\" data-element_type=\"container\" data-e-type=\"container\">\n\t\t\t\t<div class=\"elementor-element elementor-element-cedfd58 elementor-widget elementor-widget-heading\" data-id=\"cedfd58\" data-element_type=\"widget\" data-e-type=\"widget\" data-widget_type=\"heading.default\">\n\t\t\t\t\t<h2 class=\"elementor-heading-title elementor-size-default\">Mission de TCA Rail<\/h2>\t\t\t\t<\/div>\n\t\t\t\t<div class=\"elementor-element elementor-element-9ac88e2 elementor-widget elementor-widget-text-editor\" data-id=\"9ac88e2\" data-element_type=\"widget\" data-e-type=\"widget\" data-widget_type=\"text-editor.default\">\n\t\t\t\t\t\t\t\t\t<p data-start=\"2096\" data-end=\"2426\">La mission de TCA Rail est de soutenir les entreprises avec des solutions ferroviaires flexibles et fiables qui r\u00e9pondent \u00e0 leurs besoins logistiques. En rapprochant les marchandises des ports maritimes et en renfor\u00e7ant les liaisons intermodales, TCA Rail contribue \u00e0 une cha\u00eene logistique efficace dans la r\u00e9gion Sarre-Lorraine-Luxembourg. <\/p>\t\t\t\t\t\t\t\t<\/div>\n\t\t\t\t<\/div>\n\t\t\t\t<\/div>\n\t\t\t\t\t<\/div>\n\t\t\t\t<\/div>\n\t\t<div data-particle_enable=\"false\" data-particle-mobile-disabled=\"false\" class=\"elementor-element elementor-element-21003f3 e-flex e-con-boxed e-con e-parent\" data-id=\"21003f3\" data-element_type=\"container\" data-e-type=\"container\">\n\t\t\t\t\t<div class=\"e-con-inner\">\n\t\t<div data-particle_enable=\"false\" data-particle-mobile-disabled=\"false\" class=\"elementor-element elementor-element-4e51d0c e-con-full e-flex e-con e-child\" data-id=\"4e51d0c\" data-element_type=\"container\" data-e-type=\"container\">\n\t\t\t\t<div class=\"elementor-element elementor-element-e47ca31 elementor-widget elementor-widget-heading\" data-id=\"e47ca31\" data-element_type=\"widget\" data-e-type=\"widget\" data-widget_type=\"heading.default\">\n\t\t\t\t\t<h2 class=\"elementor-heading-title elementor-size-default\">Vision de TCA Rail<\/h2>\t\t\t\t<\/div>\n\t\t\t\t<div class=\"elementor-element elementor-element-8d80844 elementor-widget elementor-widget-text-editor\" data-id=\"8d80844\" data-element_type=\"widget\" data-e-type=\"widget\" data-widget_type=\"text-editor.default\">\n\t\t\t\t\t\t\t\t\t<p data-start=\"294\" data-end=\"602\">TCA et TCA Rail partagent une vision commune du transport de marchandises par rail en tant qu&rsquo;\u00e9l\u00e9ment structurel de la cha\u00eene logistique europ\u00e9enne. Depuis le Terminal Container Athus, les deux entit\u00e9s b\u00e2tissent ensemble un r\u00e9seau performant et coh\u00e9rent reliant les ports maritimes, les r\u00e9gions industrielles et l&rsquo;arri\u00e8re-pays. <\/p><p data-start=\"604\" data-end=\"968\">En combinant infrastructure, traction et expertise logistique, TCA et TCA Rail misent sur un transport ferroviaire \u00e9volutif qui soutient les entreprises dans l&rsquo;organisation de leurs flux de marchandises, tant au niveau national que transfrontalier. L&rsquo;accent est mis sur l&rsquo;efficacit\u00e9 op\u00e9rationnelle, la collaboration intermodale et le renforcement des corridors ferroviaires en Belgique et dans les pays voisins. <\/p>\t\t\t\t\t\t\t\t<\/div>\n\t\t\t\t<\/div>\n\t\t<div data-particle_enable=\"false\" data-particle-mobile-disabled=\"false\" class=\"elementor-element elementor-element-91fcfbf e-con-full e-flex e-con e-child\" data-id=\"91fcfbf\" data-element_type=\"container\" data-e-type=\"container\">\n\t\t\t\t<div class=\"elementor-element elementor-element-b1176b1 elementor-widget elementor-widget-image\" data-id=\"b1176b1\" data-element_type=\"widget\" data-e-type=\"widget\" data-widget_type=\"image.default\">\n\t\t\t\t\t\t\t\t\t\t\t\t\t\t\t<img decoding=\"async\" width=\"800\" height=\"438\" src=\"https:\/\/tcarail.be\/wp-content\/uploads\/2026\/04\/train-tca-rail.jpg\" class=\"attachment-large size-large wp-image-782\" alt=\"\" srcset=\"https:\/\/tcarail.be\/wp-content\/uploads\/2026\/04\/train-tca-rail.jpg 1024w, https:\/\/tcarail.be\/wp-content\/uploads\/2026\/04\/train-tca-rail-300x164.jpg 300w, https:\/\/tcarail.be\/wp-content\/uploads\/2026\/04\/train-tca-rail-768x420.jpg 768w\" sizes=\"(max-width: 800px) 100vw, 800px\" \/>\t\t\t\t\t\t\t\t\t\t\t\t\t\t\t<\/div>\n\t\t\t\t<\/div>\n\t\t\t\t\t<\/div>\n\t\t\t\t<\/div>\n\t\t\t\t<\/div>\n\t\t","protected":false},"excerpt":{"rendered":"<p>https:\/\/tcarail.be\/wp-content\/uploads\/2026\/03\/TCA_Rail_video.mp4#t=3 Une entreprise belge avec une ambition europ\u00e9enne TCA Rail est active en tant qu\u2019entreprise de transport ferroviaire depuis 2023 et est la seule entreprise ferroviaire wallonne de transport de marchandises. L\u2019entreprise assure les activit\u00e9s de traction au sein du r\u00e9seau intermodal du Terminal Container Athus (TCA). Depuis Athus et Anvers, TCA Rail soutient le [&hellip;]<\/p>\n","protected":false},"author":1,"featured_media":782,"parent":0,"menu_order":0,"comment_status":"closed","ping_status":"closed","template":"elementor_header_footer","meta":{"footnotes":""},"class_list":["post-555","page","type-page","status-publish","has-post-thumbnail","hentry"],"yoast_head":"<!-- This site is optimized with the Yoast SEO plugin v27.6 - https:\/\/yoast.com\/product\/yoast-seo-wordpress\/ -->\n<title>\u00c0 propos de TCA Rail | Transport de marchandises par rail et op\u00e9rateur ferroviaire<\/title>\n<meta name=\"description\" content=\"TCA Rail est actif au sein du r\u00e9seau intermodal du Terminal Container Athus et organise le transport de marchandises par rail en Belgique et en Europe.\" \/>\n<meta name=\"robots\" content=\"index, follow, max-snippet:-1, max-image-preview:large, max-video-preview:-1\" \/>\n<link rel=\"canonical\" href=\"https:\/\/tcarail.be\/fr\/a-propos-de-tca-rail\/\" \/>\n<meta property=\"og:locale\" content=\"fr_FR\" \/>\n<meta property=\"og:type\" content=\"article\" \/>\n<meta property=\"og:title\" content=\"\u00c0 propos de TCA Rail | Transport de marchandises par rail et op\u00e9rateur ferroviaire\" \/>\n<meta property=\"og:description\" content=\"TCA Rail est actif au sein du r\u00e9seau intermodal du Terminal Container Athus et organise le transport de marchandises par rail en Belgique et en Europe.\" \/>\n<meta property=\"og:url\" content=\"https:\/\/tcarail.be\/fr\/a-propos-de-tca-rail\/\" \/>\n<meta property=\"og:site_name\" content=\"TCA Rail\" \/>\n<meta property=\"article:modified_time\" content=\"2026-04-08T07:30:55+00:00\" \/>\n<meta property=\"og:image\" content=\"https:\/\/tcarail.be\/wp-content\/uploads\/2026\/04\/train-tca-rail.jpg\" \/>\n\t<meta property=\"og:image:width\" content=\"1024\" \/>\n\t<meta property=\"og:image:height\" content=\"560\" \/>\n\t<meta property=\"og:image:type\" content=\"image\/jpeg\" \/>\n<meta name=\"twitter:card\" content=\"summary_large_image\" \/>\n<meta name=\"twitter:label1\" content=\"Dur\u00e9e de lecture estim\u00e9e\" \/>\n\t<meta name=\"twitter:data1\" content=\"3 minutes\" \/>\n<script type=\"application\/ld+json\" class=\"yoast-schema-graph\">{\"@context\":\"https:\\\/\\\/schema.org\",\"@graph\":[{\"@type\":\"WebPage\",\"@id\":\"https:\\\/\\\/tcarail.be\\\/fr\\\/a-propos-de-tca-rail\\\/\",\"url\":\"https:\\\/\\\/tcarail.be\\\/fr\\\/a-propos-de-tca-rail\\\/\",\"name\":\"\u00c0 propos de TCA Rail | Transport de marchandises par rail et op\u00e9rateur ferroviaire\",\"isPartOf\":{\"@id\":\"https:\\\/\\\/tcarail.be\\\/fr\\\/#website\"},\"primaryImageOfPage\":{\"@id\":\"https:\\\/\\\/tcarail.be\\\/fr\\\/a-propos-de-tca-rail\\\/#primaryimage\"},\"image\":{\"@id\":\"https:\\\/\\\/tcarail.be\\\/fr\\\/a-propos-de-tca-rail\\\/#primaryimage\"},\"thumbnailUrl\":\"https:\\\/\\\/tcarail.be\\\/wp-content\\\/uploads\\\/2026\\\/04\\\/train-tca-rail.jpg\",\"datePublished\":\"2026-01-16T12:19:23+00:00\",\"dateModified\":\"2026-04-08T07:30:55+00:00\",\"description\":\"TCA Rail est actif au sein du r\u00e9seau intermodal du Terminal Container Athus et organise le transport de marchandises par rail en Belgique et en Europe.\",\"breadcrumb\":{\"@id\":\"https:\\\/\\\/tcarail.be\\\/fr\\\/a-propos-de-tca-rail\\\/#breadcrumb\"},\"inLanguage\":\"fr-FR\",\"potentialAction\":[{\"@type\":\"ReadAction\",\"target\":[\"https:\\\/\\\/tcarail.be\\\/fr\\\/a-propos-de-tca-rail\\\/\"]}]},{\"@type\":\"ImageObject\",\"inLanguage\":\"fr-FR\",\"@id\":\"https:\\\/\\\/tcarail.be\\\/fr\\\/a-propos-de-tca-rail\\\/#primaryimage\",\"url\":\"https:\\\/\\\/tcarail.be\\\/wp-content\\\/uploads\\\/2026\\\/04\\\/train-tca-rail.jpg\",\"contentUrl\":\"https:\\\/\\\/tcarail.be\\\/wp-content\\\/uploads\\\/2026\\\/04\\\/train-tca-rail.jpg\",\"width\":1024,\"height\":560},{\"@type\":\"BreadcrumbList\",\"@id\":\"https:\\\/\\\/tcarail.be\\\/fr\\\/a-propos-de-tca-rail\\\/#breadcrumb\",\"itemListElement\":[{\"@type\":\"ListItem\",\"position\":1,\"name\":\"Accueil\",\"item\":\"https:\\\/\\\/tcarail.be\\\/fr\\\/accueil\\\/\"},{\"@type\":\"ListItem\",\"position\":2,\"name\":\"\u00c0 propos de TCA Rail\"}]},{\"@type\":\"WebSite\",\"@id\":\"https:\\\/\\\/tcarail.be\\\/fr\\\/#website\",\"url\":\"https:\\\/\\\/tcarail.be\\\/fr\\\/\",\"name\":\"TCA Rail\",\"description\":\"\",\"potentialAction\":[{\"@type\":\"SearchAction\",\"target\":{\"@type\":\"EntryPoint\",\"urlTemplate\":\"https:\\\/\\\/tcarail.be\\\/fr\\\/?s={search_term_string}\"},\"query-input\":{\"@type\":\"PropertyValueSpecification\",\"valueRequired\":true,\"valueName\":\"search_term_string\"}}],\"inLanguage\":\"fr-FR\"}]}<\/script>\n<!-- \/ Yoast SEO plugin. -->","yoast_head_json":{"title":"\u00c0 propos de TCA Rail | Transport de marchandises par rail et op\u00e9rateur ferroviaire","description":"TCA Rail est actif au sein du r\u00e9seau intermodal du Terminal Container Athus et organise le transport de marchandises par rail en Belgique et en Europe.","robots":{"index":"index","follow":"follow","max-snippet":"max-snippet:-1","max-image-preview":"max-image-preview:large","max-video-preview":"max-video-preview:-1"},"canonical":"https:\/\/tcarail.be\/fr\/a-propos-de-tca-rail\/","og_locale":"fr_FR","og_type":"article","og_title":"\u00c0 propos de TCA Rail | Transport de marchandises par rail et op\u00e9rateur ferroviaire","og_description":"TCA Rail est actif au sein du r\u00e9seau intermodal du Terminal Container Athus et organise le transport de marchandises par rail en Belgique et en Europe.","og_url":"https:\/\/tcarail.be\/fr\/a-propos-de-tca-rail\/","og_site_name":"TCA Rail","article_modified_time":"2026-04-08T07:30:55+00:00","og_image":[{"width":1024,"height":560,"url":"https:\/\/tcarail.be\/wp-content\/uploads\/2026\/04\/train-tca-rail.jpg","type":"image\/jpeg"}],"twitter_card":"summary_large_image","twitter_misc":{"Dur\u00e9e de lecture estim\u00e9e":"3 minutes"},"schema":{"@context":"https:\/\/schema.org","@graph":[{"@type":"WebPage","@id":"https:\/\/tcarail.be\/fr\/a-propos-de-tca-rail\/","url":"https:\/\/tcarail.be\/fr\/a-propos-de-tca-rail\/","name":"\u00c0 propos de TCA Rail | Transport de marchandises par rail et op\u00e9rateur ferroviaire","isPartOf":{"@id":"https:\/\/tcarail.be\/fr\/#website"},"primaryImageOfPage":{"@id":"https:\/\/tcarail.be\/fr\/a-propos-de-tca-rail\/#primaryimage"},"image":{"@id":"https:\/\/tcarail.be\/fr\/a-propos-de-tca-rail\/#primaryimage"},"thumbnailUrl":"https:\/\/tcarail.be\/wp-content\/uploads\/2026\/04\/train-tca-rail.jpg","datePublished":"2026-01-16T12:19:23+00:00","dateModified":"2026-04-08T07:30:55+00:00","description":"TCA Rail est actif au sein du r\u00e9seau intermodal du Terminal Container Athus et organise le transport de marchandises par rail en Belgique et en Europe.","breadcrumb":{"@id":"https:\/\/tcarail.be\/fr\/a-propos-de-tca-rail\/#breadcrumb"},"inLanguage":"fr-FR","potentialAction":[{"@type":"ReadAction","target":["https:\/\/tcarail.be\/fr\/a-propos-de-tca-rail\/"]}]},{"@type":"ImageObject","inLanguage":"fr-FR","@id":"https:\/\/tcarail.be\/fr\/a-propos-de-tca-rail\/#primaryimage","url":"https:\/\/tcarail.be\/wp-content\/uploads\/2026\/04\/train-tca-rail.jpg","contentUrl":"https:\/\/tcarail.be\/wp-content\/uploads\/2026\/04\/train-tca-rail.jpg","width":1024,"height":560},{"@type":"BreadcrumbList","@id":"https:\/\/tcarail.be\/fr\/a-propos-de-tca-rail\/#breadcrumb","itemListElement":[{"@type":"ListItem","position":1,"name":"Accueil","item":"https:\/\/tcarail.be\/fr\/accueil\/"},{"@type":"ListItem","position":2,"name":"\u00c0 propos de TCA Rail"}]},{"@type":"WebSite","@id":"https:\/\/tcarail.be\/fr\/#website","url":"https:\/\/tcarail.be\/fr\/","name":"TCA Rail","description":"","potentialAction":[{"@type":"SearchAction","target":{"@type":"EntryPoint","urlTemplate":"https:\/\/tcarail.be\/fr\/?s={search_term_string}"},"query-input":{"@type":"PropertyValueSpecification","valueRequired":true,"valueName":"search_term_string"}}],"inLanguage":"fr-FR"}]}},"_links":{"self":[{"href":"https:\/\/tcarail.be\/fr\/wp-json\/wp\/v2\/pages\/555","targetHints":{"allow":["GET"]}}],"collection":[{"href":"https:\/\/tcarail.be\/fr\/wp-json\/wp\/v2\/pages"}],"about":[{"href":"https:\/\/tcarail.be\/fr\/wp-json\/wp\/v2\/types\/page"}],"author":[{"embeddable":true,"href":"https:\/\/tcarail.be\/fr\/wp-json\/wp\/v2\/users\/1"}],"replies":[{"embeddable":true,"href":"https:\/\/tcarail.be\/fr\/wp-json\/wp\/v2\/comments?post=555"}],"version-history":[{"count":8,"href":"https:\/\/tcarail.be\/fr\/wp-json\/wp\/v2\/pages\/555\/revisions"}],"predecessor-version":[{"id":799,"href":"https:\/\/tcarail.be\/fr\/wp-json\/wp\/v2\/pages\/555\/revisions\/799"}],"wp:featuredmedia":[{"embeddable":true,"href":"https:\/\/tcarail.be\/fr\/wp-json\/wp\/v2\/media\/782"}],"wp:attachment":[{"href":"https:\/\/tcarail.be\/fr\/wp-json\/wp\/v2\/media?parent=555"}],"curies":[{"name":"wp","href":"https:\/\/api.w.org\/{rel}","templated":true}]}}