{"id":538,"date":"2026-01-16T12:48:55","date_gmt":"2026-01-16T12:48:55","guid":{"rendered":"https:\/\/tcarail.be\/offres-demploi\/"},"modified":"2026-03-25T13:34:56","modified_gmt":"2026-03-25T13:34:56","slug":"offres-demploi","status":"publish","type":"page","link":"https:\/\/tcarail.be\/fr\/offres-demploi\/","title":{"rendered":"Offres d&#8217;emploi"},"content":{"rendered":"\t\t<div data-elementor-type=\"wp-page\" data-elementor-id=\"538\" class=\"elementor elementor-538 elementor-201\" data-elementor-post-type=\"page\">\n\t\t\t\t<div data-particle_enable=\"false\" data-particle-mobile-disabled=\"false\" class=\"elementor-element elementor-element-c11c558 e-flex e-con-boxed e-con e-parent\" data-id=\"c11c558\" data-element_type=\"container\" data-e-type=\"container\" data-settings=\"{&quot;background_background&quot;:&quot;classic&quot;}\">\n\t\t\t\t\t<div class=\"e-con-inner\">\n\t\t<div data-particle_enable=\"false\" data-particle-mobile-disabled=\"false\" class=\"elementor-element elementor-element-b7c34e7 e-con-full e-flex e-con e-child\" data-id=\"b7c34e7\" data-element_type=\"container\" data-e-type=\"container\">\n\t\t\t\t<\/div>\n\t\t<div data-particle_enable=\"false\" data-particle-mobile-disabled=\"false\" class=\"elementor-element elementor-element-aabb116 e-con-full e-flex e-con e-child\" data-id=\"aabb116\" data-element_type=\"container\" data-e-type=\"container\">\n\t\t\t\t<div class=\"elementor-element elementor-element-8f2f291 elementor-widget elementor-widget-breadcrumbs\" data-id=\"8f2f291\" data-element_type=\"widget\" data-e-type=\"widget\" data-widget_type=\"breadcrumbs.default\">\n\t\t\t\t\t<p id=\"breadcrumbs\"><span><span><a href=\"https:\/\/tcarail.be\/fr\/accueil\/\">Accueil<\/a><\/span><\/span><\/p>\t\t\t\t<\/div>\n\t\t\t\t<\/div>\n\t\t\t\t\t<\/div>\n\t\t\t\t<\/div>\n\t\t<div data-particle_enable=\"false\" data-particle-mobile-disabled=\"false\" class=\"elementor-element elementor-element-e347a4c e-flex e-con-boxed e-con e-parent\" data-id=\"e347a4c\" data-element_type=\"container\" data-e-type=\"container\" data-settings=\"{&quot;background_background&quot;:&quot;classic&quot;}\">\n\t\t\t\t\t<div class=\"e-con-inner\">\n\t\t<div data-particle_enable=\"false\" data-particle-mobile-disabled=\"false\" class=\"elementor-element elementor-element-ace096f e-con-full e-flex e-con e-child\" data-id=\"ace096f\" data-element_type=\"container\" data-e-type=\"container\" data-settings=\"{&quot;background_background&quot;:&quot;classic&quot;}\">\n\t\t\t\t<div class=\"elementor-element elementor-element-642054e elementor-widget elementor-widget-heading\" data-id=\"642054e\" data-element_type=\"widget\" data-e-type=\"widget\" data-widget_type=\"heading.default\">\n\t\t\t\t\t<h2 class=\"elementor-heading-title elementor-size-default\">Offres d'emploi chez TCA Rail<\/h2>\t\t\t\t<\/div>\n\t\t\t\t<div class=\"elementor-element elementor-element-5071f9a elementor-widget elementor-widget-text-editor\" data-id=\"5071f9a\" data-element_type=\"widget\" data-e-type=\"widget\" data-widget_type=\"text-editor.default\">\n\t\t\t\t\t\t\t\t\t<p data-start=\"291\" data-end=\"585\">TCA Rail est active en tant que compagnie de transport ferroviaire au sein du r\u00e9seau intermodal du Terminal Container Athus. Depuis Athus et Anvers, les collaborateurs travaillent quotidiennement ensemble \u00e0 l&rsquo;organisation et au suivi du transport de marchandises par rail, en \u00e9troite collaboration avec des partenaires logistiques et industriels. <\/p><p data-start=\"587\" data-end=\"847\">Sur cette page, vous trouverez un aper\u00e7u des offres d&#8217;emploi actuelles chez TCA Rail. Nous recherchons r\u00e9guli\u00e8rement des profils int\u00e9ress\u00e9s par le transport ferroviaire, la logistique et la coordination op\u00e9rationnelle, souhaitant contribuer au d\u00e9veloppement futur de nos activit\u00e9s ferroviaires. <\/p>\t\t\t\t\t\t\t\t<\/div>\n\t\t\t\t<\/div>\n\t\t<div data-particle_enable=\"false\" data-particle-mobile-disabled=\"false\" class=\"elementor-element elementor-element-b34f281 e-con-full e-flex e-con e-child\" data-id=\"b34f281\" data-element_type=\"container\" data-e-type=\"container\">\n\t\t\t\t<div class=\"elementor-element elementor-element-54ee882 elementor-widget elementor-widget-image\" data-id=\"54ee882\" data-element_type=\"widget\" data-e-type=\"widget\" data-widget_type=\"image.default\">\n\t\t\t\t\t\t\t\t\t\t\t\t\t\t\t<img fetchpriority=\"high\" decoding=\"async\" width=\"1000\" height=\"667\" src=\"https:\/\/tcarail.be\/wp-content\/uploads\/2026\/01\/tca-rail-athus.jpg\" class=\"attachment-full size-full wp-image-542\" alt=\"\" srcset=\"https:\/\/tcarail.be\/wp-content\/uploads\/2026\/01\/tca-rail-athus.jpg 1000w, https:\/\/tcarail.be\/wp-content\/uploads\/2026\/01\/tca-rail-athus-300x200.jpg 300w, https:\/\/tcarail.be\/wp-content\/uploads\/2026\/01\/tca-rail-athus-768x512.jpg 768w\" sizes=\"(max-width: 1000px) 100vw, 1000px\" \/>\t\t\t\t\t\t\t\t\t\t\t\t\t\t\t<\/div>\n\t\t\t\t<\/div>\n\t\t\t\t\t<\/div>\n\t\t\t\t<\/div>\n\t\t<div data-particle_enable=\"false\" data-particle-mobile-disabled=\"false\" class=\"elementor-element elementor-element-21003f3 e-flex e-con-boxed e-con e-parent\" data-id=\"21003f3\" data-element_type=\"container\" data-e-type=\"container\">\n\t\t\t\t\t<div class=\"e-con-inner\">\n\t\t<div data-particle_enable=\"false\" data-particle-mobile-disabled=\"false\" class=\"elementor-element elementor-element-4e51d0c e-con-full e-flex e-con e-child\" data-id=\"4e51d0c\" data-element_type=\"container\" data-e-type=\"container\">\n\t\t\t\t<div class=\"elementor-element elementor-element-e47ca31 elementor-widget elementor-widget-heading\" data-id=\"e47ca31\" data-element_type=\"widget\" data-e-type=\"widget\" data-widget_type=\"heading.default\">\n\t\t\t\t\t<h2 class=\"elementor-heading-title elementor-size-default\">Postes vacants<\/h2>\t\t\t\t<\/div>\n\t\t\t\t<div class=\"elementor-element elementor-element-7a9a348 elementor-widget elementor-widget-text-editor\" data-id=\"7a9a348\" data-element_type=\"widget\" data-e-type=\"widget\" data-widget_type=\"text-editor.default\">\n\t\t\t\t\t\t\t\t\t<p data-start=\"251\" data-end=\"513\">Au sein de TCA Rail, diverses fonctions sont impliqu\u00e9es dans l&rsquo;organisation quotidienne du transport ferroviaire et des activit\u00e9s intermodales. Consultez les postes vacants ci-dessous et d\u00e9couvrez quel r\u00f4le correspond \u00e0 votre profil et \u00e0 votre exp\u00e9rience. <\/p>\t\t\t\t\t\t\t\t<\/div>\n\t\t\t\t<div class=\"elementor-element elementor-element-0cd5592 elementor-widget elementor-widget-n-accordion\" data-id=\"0cd5592\" data-element_type=\"widget\" data-e-type=\"widget\" data-settings=\"{&quot;default_state&quot;:&quot;expanded&quot;,&quot;max_items_expended&quot;:&quot;one&quot;,&quot;n_accordion_animation_duration&quot;:{&quot;unit&quot;:&quot;ms&quot;,&quot;size&quot;:400,&quot;sizes&quot;:[]}}\" data-widget_type=\"nested-accordion.default\">\n\t\t\t\t\t\t\t<div class=\"e-n-accordion\" aria-label=\"Accordion. Open links with Enter or Space, close with Escape, and navigate with Arrow Keys\">\n\t\t\t\t\t\t<details id=\"e-n-accordion-item-1340\" class=\"e-n-accordion-item\" open>\n\t\t\t\t<summary class=\"e-n-accordion-item-title\" data-accordion-index=\"1\" tabindex=\"0\" aria-expanded=\"true\" aria-controls=\"e-n-accordion-item-1340\" >\n\t\t\t\t\t<span class='e-n-accordion-item-title-header'><div class=\"e-n-accordion-item-title-text\"> Rail Operations Officer <\/div><\/span>\n\t\t\t\t\t\t\t<span class='e-n-accordion-item-title-icon'>\n\t\t\t<span class='e-opened' ><svg aria-hidden=\"true\" class=\"e-font-icon-svg e-fas-angle-right\" viewBox=\"0 0 256 512\" xmlns=\"http:\/\/www.w3.org\/2000\/svg\"><path d=\"M224.3 273l-136 136c-9.4 9.4-24.6 9.4-33.9 0l-22.6-22.6c-9.4-9.4-9.4-24.6 0-33.9l96.4-96.4-96.4-96.4c-9.4-9.4-9.4-24.6 0-33.9L54.3 103c9.4-9.4 24.6-9.4 33.9 0l136 136c9.5 9.4 9.5 24.6.1 34z\"><\/path><\/svg><\/span>\n\t\t\t<span class='e-closed'><svg aria-hidden=\"true\" class=\"e-font-icon-svg e-fas-angle-down\" viewBox=\"0 0 320 512\" xmlns=\"http:\/\/www.w3.org\/2000\/svg\"><path d=\"M143 352.3L7 216.3c-9.4-9.4-9.4-24.6 0-33.9l22.6-22.6c9.4-9.4 24.6-9.4 33.9 0l96.4 96.4 96.4-96.4c9.4-9.4 24.6-9.4 33.9 0l22.6 22.6c9.4 9.4 9.4 24.6 0 33.9l-136 136c-9.2 9.4-24.4 9.4-33.8 0z\"><\/path><\/svg><\/span>\n\t\t<\/span>\n\n\t\t\t\t\t\t<\/summary>\n\t\t\t\t<div data-particle_enable=\"false\" data-particle-mobile-disabled=\"false\" role=\"region\" aria-labelledby=\"e-n-accordion-item-1340\" class=\"elementor-element elementor-element-7e79bde e-con-full e-flex e-con e-child\" data-id=\"7e79bde\" data-element_type=\"container\" data-e-type=\"container\">\n\t\t<div data-particle_enable=\"false\" data-particle-mobile-disabled=\"false\" role=\"region\" aria-labelledby=\"e-n-accordion-item-1340\" class=\"elementor-element elementor-element-0dfdb8c e-flex e-con-boxed e-con e-child\" data-id=\"0dfdb8c\" data-element_type=\"container\" data-e-type=\"container\">\n\t\t\t\t\t<div class=\"e-con-inner\">\n\t\t\t\t<div class=\"elementor-element elementor-element-379b7a4 elementor-widget elementor-widget-text-editor\" data-id=\"379b7a4\" data-element_type=\"widget\" data-e-type=\"widget\" data-widget_type=\"text-editor.default\">\n\t\t\t\t\t\t\t\t\t<p data-start=\"211\" data-end=\"486\"><strong data-start=\"211\" data-end=\"234\">Description du poste<\/strong><br data-start=\"234\" data-end=\"237\">En tant que Rail Operations Officer, vous soutenez l\u2019organisation quotidienne des activit\u00e9s ferroviaires de TCA Rail. Vous suivez les mouvements des trains, coordonnez avec les partenaires et les terminaux et assurez une planification op\u00e9rationnelle fluide au sein du r\u00e9seau intermodal. <\/p><p data-start=\"488\" data-end=\"497\"><strong data-start=\"488\" data-end=\"497\">Missions<\/strong><\/p><ul data-start=\"498\" data-end=\"708\"><li data-start=\"498\" data-end=\"556\"><p data-start=\"500\" data-end=\"556\">Suivi des liaisons ferroviaires et des activit\u00e9s de traction<\/p><\/li><li data-start=\"557\" data-end=\"603\"><p data-start=\"559\" data-end=\"603\">Coordination avec les partenaires internes et externes<\/p><\/li><li data-start=\"604\" data-end=\"658\"><p data-start=\"606\" data-end=\"658\">Suivi de la planification, de lex\u00e9cution et des \u00e9carts<\/p><\/li><li data-start=\"659\" data-end=\"708\"><p data-start=\"661\" data-end=\"708\">Support administratif et op\u00e9rationnel<\/p><\/li><\/ul><p data-start=\"710\" data-end=\"721\"><strong data-start=\"710\" data-end=\"721\">Profil<\/strong><\/p><ul data-start=\"722\" data-end=\"861\"><li data-start=\"722\" data-end=\"766\"><p data-start=\"724\" data-end=\"766\">Affinit\u00e9 avec le transport ferroviaire ou la logistique<\/p><\/li><li data-start=\"767\" data-end=\"799\"><p data-start=\"769\" data-end=\"799\">Structur\u00e9 et pr\u00e9cis<\/p><\/li><li data-start=\"800\" data-end=\"861\"><p data-start=\"802\" data-end=\"861\">Bonne connaissance du n\u00e9erlandais et de l&rsquo;anglais (le fran\u00e7ais est un atout)<\/p><\/li><\/ul>\t\t\t\t\t\t\t\t<\/div>\n\t\t\t\t<div class=\"elementor-element elementor-element-6c2d63e elementor-widget elementor-widget-button\" data-id=\"6c2d63e\" data-element_type=\"widget\" data-e-type=\"widget\" data-widget_type=\"button.default\">\n\t\t\t\t\t\t\t\t\t\t<a class=\"elementor-button elementor-button-link elementor-size-sm\" href=\"https:\/\/tcarail.be\/fr\/contact\/\">\n\t\t\t\t\t\t<span class=\"elementor-button-content-wrapper\">\n\t\t\t\t\t\t\t\t\t<span class=\"elementor-button-text\">Postuler<\/span>\n\t\t\t\t\t<\/span>\n\t\t\t\t\t<\/a>\n\t\t\t\t\t\t\t\t<\/div>\n\t\t\t\t\t<\/div>\n\t\t\t\t<\/div>\n\t\t\t\t<\/div>\n\t\t\t\t\t<\/details>\n\t\t\t\t\t\t<details id=\"e-n-accordion-item-1341\" class=\"e-n-accordion-item\" >\n\t\t\t\t<summary class=\"e-n-accordion-item-title\" data-accordion-index=\"2\" tabindex=\"-1\" aria-expanded=\"false\" aria-controls=\"e-n-accordion-item-1341\" >\n\t\t\t\t\t<span class='e-n-accordion-item-title-header'><div class=\"e-n-accordion-item-title-text\"> Junior Logistics  Rail Coordinator <\/div><\/span>\n\t\t\t\t\t\t\t<span class='e-n-accordion-item-title-icon'>\n\t\t\t<span class='e-opened' ><svg aria-hidden=\"true\" class=\"e-font-icon-svg e-fas-angle-right\" viewBox=\"0 0 256 512\" xmlns=\"http:\/\/www.w3.org\/2000\/svg\"><path d=\"M224.3 273l-136 136c-9.4 9.4-24.6 9.4-33.9 0l-22.6-22.6c-9.4-9.4-9.4-24.6 0-33.9l96.4-96.4-96.4-96.4c-9.4-9.4-9.4-24.6 0-33.9L54.3 103c9.4-9.4 24.6-9.4 33.9 0l136 136c9.5 9.4 9.5 24.6.1 34z\"><\/path><\/svg><\/span>\n\t\t\t<span class='e-closed'><svg aria-hidden=\"true\" class=\"e-font-icon-svg e-fas-angle-down\" viewBox=\"0 0 320 512\" xmlns=\"http:\/\/www.w3.org\/2000\/svg\"><path d=\"M143 352.3L7 216.3c-9.4-9.4-9.4-24.6 0-33.9l22.6-22.6c9.4-9.4 24.6-9.4 33.9 0l96.4 96.4 96.4-96.4c9.4-9.4 24.6-9.4 33.9 0l22.6 22.6c9.4 9.4 9.4 24.6 0 33.9l-136 136c-9.2 9.4-24.4 9.4-33.8 0z\"><\/path><\/svg><\/span>\n\t\t<\/span>\n\n\t\t\t\t\t\t<\/summary>\n\t\t\t\t<div data-particle_enable=\"false\" data-particle-mobile-disabled=\"false\" role=\"region\" aria-labelledby=\"e-n-accordion-item-1341\" class=\"elementor-element elementor-element-318f996 e-con-full e-flex e-con e-child\" data-id=\"318f996\" data-element_type=\"container\" data-e-type=\"container\">\n\t\t<div data-particle_enable=\"false\" data-particle-mobile-disabled=\"false\" role=\"region\" aria-labelledby=\"e-n-accordion-item-1341\" class=\"elementor-element elementor-element-836b829 e-flex e-con-boxed e-con e-child\" data-id=\"836b829\" data-element_type=\"container\" data-e-type=\"container\">\n\t\t\t\t\t<div class=\"e-con-inner\">\n\t\t\t\t<div class=\"elementor-element elementor-element-564045c elementor-widget elementor-widget-text-editor\" data-id=\"564045c\" data-element_type=\"widget\" data-e-type=\"widget\" data-widget_type=\"text-editor.default\">\n\t\t\t\t\t\t\t\t\t<p data-start=\"919\" data-end=\"1163\"><strong data-start=\"919\" data-end=\"942\">Description du poste<\/strong><br data-start=\"942\" data-end=\"945\">En tant que Junior Logistics  Rail Coordinator, vous participez \u00e0 la coordination des flux de marchandises par rail. Vous soutenez le fonctionnement logistique et aidez au suivi des transports intermodaux entre le terminal et le rail. <\/p><p data-start=\"1165\" data-end=\"1174\"><strong data-start=\"1165\" data-end=\"1174\">Missions<\/strong><\/p><ul data-start=\"1175\" data-end=\"1379\"><li data-start=\"1175\" data-end=\"1236\"><p data-start=\"1177\" data-end=\"1236\">Support \u00e0 la planification et \u00e0 la coordination des transports<\/p><\/li><li data-start=\"1237\" data-end=\"1272\"><p data-start=\"1239\" data-end=\"1272\">Contact avec les clients et les partenaires<\/p><\/li><li data-start=\"1273\" data-end=\"1322\"><p data-start=\"1275\" data-end=\"1322\">Suivi des dossiers et des documents de transport<\/p><\/li><li data-start=\"1323\" data-end=\"1379\"><p data-start=\"1325\" data-end=\"1379\">Participation \u00e0 l&rsquo;optimisation des processus logistiques<\/p><\/li><\/ul><p data-start=\"1381\" data-end=\"1392\"><strong data-start=\"1381\" data-end=\"1392\">Profil<\/strong><\/p><ul data-start=\"1393\" data-end=\"1534\"><li data-start=\"1393\" data-end=\"1445\"><p data-start=\"1395\" data-end=\"1445\">Formation ou int\u00e9r\u00eat pour la logistique ou le transport<\/p><\/li><li data-start=\"1446\" data-end=\"1477\"><p data-start=\"1448\" data-end=\"1477\">Curieux d&rsquo;apprendre et communicatif<\/p><\/li><li data-start=\"1478\" data-end=\"1534\"><p data-start=\"1480\" data-end=\"1534\">Int\u00e9r\u00eat pour le transport ferroviaire et les solutions intermodales<\/p><\/li><\/ul>\t\t\t\t\t\t\t\t<\/div>\n\t\t\t\t<div class=\"elementor-element elementor-element-c36d0fc elementor-widget elementor-widget-button\" data-id=\"c36d0fc\" data-element_type=\"widget\" data-e-type=\"widget\" data-widget_type=\"button.default\">\n\t\t\t\t\t\t\t\t\t\t<a class=\"elementor-button elementor-button-link elementor-size-sm\" href=\"https:\/\/tcarail.be\/fr\/contact\/\">\n\t\t\t\t\t\t<span class=\"elementor-button-content-wrapper\">\n\t\t\t\t\t\t\t\t\t<span class=\"elementor-button-text\">Postuler<\/span>\n\t\t\t\t\t<\/span>\n\t\t\t\t\t<\/a>\n\t\t\t\t\t\t\t\t<\/div>\n\t\t\t\t\t<\/div>\n\t\t\t\t<\/div>\n\t\t\t\t<\/div>\n\t\t\t\t\t<\/details>\n\t\t\t\t\t<\/div>\n\t\t\t\t\t\t<\/div>\n\t\t\t\t<\/div>\n\t\t\t\t\t<\/div>\n\t\t\t\t<\/div>\n\t\t\t\t<\/div>\n\t\t","protected":false},"excerpt":{"rendered":"<p>Offres d&#8217;emploi chez TCA Rail TCA Rail est active en tant que compagnie de transport ferroviaire au sein du r\u00e9seau intermodal du Terminal Container Athus. Depuis Athus et Anvers, les collaborateurs travaillent quotidiennement ensemble \u00e0 l&rsquo;organisation et au suivi du transport de marchandises par rail, en \u00e9troite collaboration avec des partenaires logistiques et industriels. Sur [&hellip;]<\/p>\n","protected":false},"author":1,"featured_media":517,"parent":0,"menu_order":0,"comment_status":"closed","ping_status":"closed","template":"elementor_header_footer","meta":{"footnotes":""},"class_list":["post-538","page","type-page","status-publish","has-post-thumbnail","hentry"],"yoast_head":"<!-- This site is optimized with the Yoast SEO plugin v27.6 - https:\/\/yoast.com\/product\/yoast-seo-wordpress\/ -->\n<title>Offres demploi chez TCA Rail | Travailler dans le transport ferroviaire et la logistique<\/title>\n<meta name=\"description\" content=\"Consultez les offres demploi chez TCA Rail. D\u00e9couvrez des fonctions au sein du transport ferroviaire, de la coordination logistique et du support op\u00e9rationnel.\" \/>\n<meta name=\"robots\" content=\"index, follow, max-snippet:-1, max-image-preview:large, max-video-preview:-1\" \/>\n<link rel=\"canonical\" href=\"https:\/\/tcarail.be\/fr\/offres-demploi\/\" \/>\n<meta property=\"og:locale\" content=\"fr_FR\" \/>\n<meta property=\"og:type\" content=\"article\" \/>\n<meta property=\"og:title\" content=\"Offres demploi chez TCA Rail | Travailler dans le transport ferroviaire et la logistique\" \/>\n<meta property=\"og:description\" content=\"Consultez les offres demploi chez TCA Rail. D\u00e9couvrez des fonctions au sein du transport ferroviaire, de la coordination logistique et du support op\u00e9rationnel.\" \/>\n<meta property=\"og:url\" content=\"https:\/\/tcarail.be\/fr\/offres-demploi\/\" \/>\n<meta property=\"og:site_name\" content=\"TCA Rail\" \/>\n<meta property=\"article:modified_time\" content=\"2026-03-25T13:34:56+00:00\" \/>\n<meta property=\"og:image\" content=\"https:\/\/tcarail.be\/wp-content\/uploads\/2026\/01\/rail-transport-containers.jpg\" \/>\n\t<meta property=\"og:image:width\" content=\"662\" \/>\n\t<meta property=\"og:image:height\" content=\"372\" \/>\n\t<meta property=\"og:image:type\" content=\"image\/jpeg\" \/>\n<meta name=\"twitter:card\" content=\"summary_large_image\" \/>\n<meta name=\"twitter:label1\" content=\"Dur\u00e9e de lecture estim\u00e9e\" \/>\n\t<meta name=\"twitter:data1\" content=\"3 minutes\" \/>\n<script type=\"application\/ld+json\" class=\"yoast-schema-graph\">{\"@context\":\"https:\\\/\\\/schema.org\",\"@graph\":[{\"@type\":\"WebPage\",\"@id\":\"https:\\\/\\\/tcarail.be\\\/fr\\\/offres-demploi\\\/\",\"url\":\"https:\\\/\\\/tcarail.be\\\/fr\\\/offres-demploi\\\/\",\"name\":\"Offres demploi chez TCA Rail | Travailler dans le transport ferroviaire et la logistique\",\"isPartOf\":{\"@id\":\"https:\\\/\\\/tcarail.be\\\/fr\\\/#website\"},\"primaryImageOfPage\":{\"@id\":\"https:\\\/\\\/tcarail.be\\\/fr\\\/offres-demploi\\\/#primaryimage\"},\"image\":{\"@id\":\"https:\\\/\\\/tcarail.be\\\/fr\\\/offres-demploi\\\/#primaryimage\"},\"thumbnailUrl\":\"https:\\\/\\\/tcarail.be\\\/wp-content\\\/uploads\\\/2026\\\/01\\\/rail-transport-containers.jpg\",\"datePublished\":\"2026-01-16T12:48:55+00:00\",\"dateModified\":\"2026-03-25T13:34:56+00:00\",\"description\":\"Consultez les offres demploi chez TCA Rail. D\u00e9couvrez des fonctions au sein du transport ferroviaire, de la coordination logistique et du support op\u00e9rationnel.\",\"breadcrumb\":{\"@id\":\"https:\\\/\\\/tcarail.be\\\/fr\\\/offres-demploi\\\/#breadcrumb\"},\"inLanguage\":\"fr-FR\",\"potentialAction\":[{\"@type\":\"ReadAction\",\"target\":[\"https:\\\/\\\/tcarail.be\\\/fr\\\/offres-demploi\\\/\"]}]},{\"@type\":\"ImageObject\",\"inLanguage\":\"fr-FR\",\"@id\":\"https:\\\/\\\/tcarail.be\\\/fr\\\/offres-demploi\\\/#primaryimage\",\"url\":\"https:\\\/\\\/tcarail.be\\\/wp-content\\\/uploads\\\/2026\\\/01\\\/rail-transport-containers.jpg\",\"contentUrl\":\"https:\\\/\\\/tcarail.be\\\/wp-content\\\/uploads\\\/2026\\\/01\\\/rail-transport-containers.jpg\",\"width\":662,\"height\":372},{\"@type\":\"BreadcrumbList\",\"@id\":\"https:\\\/\\\/tcarail.be\\\/fr\\\/offres-demploi\\\/#breadcrumb\",\"itemListElement\":[{\"@type\":\"ListItem\",\"position\":1,\"name\":\"Accueil\",\"item\":\"https:\\\/\\\/tcarail.be\\\/fr\\\/accueil\\\/\"},{\"@type\":\"ListItem\",\"position\":2,\"name\":\"Offres d&#8217;emploi\"}]},{\"@type\":\"WebSite\",\"@id\":\"https:\\\/\\\/tcarail.be\\\/fr\\\/#website\",\"url\":\"https:\\\/\\\/tcarail.be\\\/fr\\\/\",\"name\":\"TCA Rail\",\"description\":\"\",\"potentialAction\":[{\"@type\":\"SearchAction\",\"target\":{\"@type\":\"EntryPoint\",\"urlTemplate\":\"https:\\\/\\\/tcarail.be\\\/fr\\\/?s={search_term_string}\"},\"query-input\":{\"@type\":\"PropertyValueSpecification\",\"valueRequired\":true,\"valueName\":\"search_term_string\"}}],\"inLanguage\":\"fr-FR\"}]}<\/script>\n<!-- \/ Yoast SEO plugin. -->","yoast_head_json":{"title":"Offres demploi chez TCA Rail | Travailler dans le transport ferroviaire et la logistique","description":"Consultez les offres demploi chez TCA Rail. D\u00e9couvrez des fonctions au sein du transport ferroviaire, de la coordination logistique et du support op\u00e9rationnel.","robots":{"index":"index","follow":"follow","max-snippet":"max-snippet:-1","max-image-preview":"max-image-preview:large","max-video-preview":"max-video-preview:-1"},"canonical":"https:\/\/tcarail.be\/fr\/offres-demploi\/","og_locale":"fr_FR","og_type":"article","og_title":"Offres demploi chez TCA Rail | Travailler dans le transport ferroviaire et la logistique","og_description":"Consultez les offres demploi chez TCA Rail. D\u00e9couvrez des fonctions au sein du transport ferroviaire, de la coordination logistique et du support op\u00e9rationnel.","og_url":"https:\/\/tcarail.be\/fr\/offres-demploi\/","og_site_name":"TCA Rail","article_modified_time":"2026-03-25T13:34:56+00:00","og_image":[{"width":662,"height":372,"url":"https:\/\/tcarail.be\/wp-content\/uploads\/2026\/01\/rail-transport-containers.jpg","type":"image\/jpeg"}],"twitter_card":"summary_large_image","twitter_misc":{"Dur\u00e9e de lecture estim\u00e9e":"3 minutes"},"schema":{"@context":"https:\/\/schema.org","@graph":[{"@type":"WebPage","@id":"https:\/\/tcarail.be\/fr\/offres-demploi\/","url":"https:\/\/tcarail.be\/fr\/offres-demploi\/","name":"Offres demploi chez TCA Rail | Travailler dans le transport ferroviaire et la logistique","isPartOf":{"@id":"https:\/\/tcarail.be\/fr\/#website"},"primaryImageOfPage":{"@id":"https:\/\/tcarail.be\/fr\/offres-demploi\/#primaryimage"},"image":{"@id":"https:\/\/tcarail.be\/fr\/offres-demploi\/#primaryimage"},"thumbnailUrl":"https:\/\/tcarail.be\/wp-content\/uploads\/2026\/01\/rail-transport-containers.jpg","datePublished":"2026-01-16T12:48:55+00:00","dateModified":"2026-03-25T13:34:56+00:00","description":"Consultez les offres demploi chez TCA Rail. D\u00e9couvrez des fonctions au sein du transport ferroviaire, de la coordination logistique et du support op\u00e9rationnel.","breadcrumb":{"@id":"https:\/\/tcarail.be\/fr\/offres-demploi\/#breadcrumb"},"inLanguage":"fr-FR","potentialAction":[{"@type":"ReadAction","target":["https:\/\/tcarail.be\/fr\/offres-demploi\/"]}]},{"@type":"ImageObject","inLanguage":"fr-FR","@id":"https:\/\/tcarail.be\/fr\/offres-demploi\/#primaryimage","url":"https:\/\/tcarail.be\/wp-content\/uploads\/2026\/01\/rail-transport-containers.jpg","contentUrl":"https:\/\/tcarail.be\/wp-content\/uploads\/2026\/01\/rail-transport-containers.jpg","width":662,"height":372},{"@type":"BreadcrumbList","@id":"https:\/\/tcarail.be\/fr\/offres-demploi\/#breadcrumb","itemListElement":[{"@type":"ListItem","position":1,"name":"Accueil","item":"https:\/\/tcarail.be\/fr\/accueil\/"},{"@type":"ListItem","position":2,"name":"Offres d&#8217;emploi"}]},{"@type":"WebSite","@id":"https:\/\/tcarail.be\/fr\/#website","url":"https:\/\/tcarail.be\/fr\/","name":"TCA Rail","description":"","potentialAction":[{"@type":"SearchAction","target":{"@type":"EntryPoint","urlTemplate":"https:\/\/tcarail.be\/fr\/?s={search_term_string}"},"query-input":{"@type":"PropertyValueSpecification","valueRequired":true,"valueName":"search_term_string"}}],"inLanguage":"fr-FR"}]}},"_links":{"self":[{"href":"https:\/\/tcarail.be\/fr\/wp-json\/wp\/v2\/pages\/538","targetHints":{"allow":["GET"]}}],"collection":[{"href":"https:\/\/tcarail.be\/fr\/wp-json\/wp\/v2\/pages"}],"about":[{"href":"https:\/\/tcarail.be\/fr\/wp-json\/wp\/v2\/types\/page"}],"author":[{"embeddable":true,"href":"https:\/\/tcarail.be\/fr\/wp-json\/wp\/v2\/users\/1"}],"replies":[{"embeddable":true,"href":"https:\/\/tcarail.be\/fr\/wp-json\/wp\/v2\/comments?post=538"}],"version-history":[{"count":3,"href":"https:\/\/tcarail.be\/fr\/wp-json\/wp\/v2\/pages\/538\/revisions"}],"predecessor-version":[{"id":752,"href":"https:\/\/tcarail.be\/fr\/wp-json\/wp\/v2\/pages\/538\/revisions\/752"}],"wp:featuredmedia":[{"embeddable":true,"href":"https:\/\/tcarail.be\/fr\/wp-json\/wp\/v2\/media\/517"}],"wp:attachment":[{"href":"https:\/\/tcarail.be\/fr\/wp-json\/wp\/v2\/media?parent=538"}],"curies":[{"name":"wp","href":"https:\/\/api.w.org\/{rel}","templated":true}]}}